{"id":101,"date":"2018-03-03T10:51:27","date_gmt":"2018-03-03T09:51:27","guid":{"rendered":"http:\/\/www.animal-thp.de\/?page_id=101"},"modified":"2018-05-24T16:28:48","modified_gmt":"2018-05-24T14:28:48","slug":"gelatine-hydrolysat","status":"publish","type":"page","link":"https:\/\/www.animal-thp.de\/index.php\/produkte\/gelatine-hydrolysat\/","title":{"rendered":"Gelatine-Hydrolysat"},"content":{"rendered":"<p>Dieses Mittel dient zur Unterst\u00fctzung f\u00fcr Gelenke mit speziell aufbereiteter und hochreiner Gelatine\/Collagen-Hydrolysat aus Rindern von zertifizierten H\u00f6fen (auf BSE gepr\u00fcft). Gelatine\/Collagen-Hydrolysat ist ein Protein mit hohem Hydroxyprolingehalt, einer Aminos\u00e4ure, die Hauptbestandteil von Knorpel, Sehnen und Bindegeweben, wie auch Haut, Haaren und N\u00e4geln ist. Collagen-Hydrolysat ist eine wertvolle Hilfe f\u00fcr die Knorpelregeneration. Die h\u00f6chste Wirksamkeit erzielt man mit bereits aufgespaltener Gelatine, das so genannte Hydrolysat aus collagenem Eiwei\u00df (Collagen-Hydrolysat), da dieses leichter aufgenommen und somit besser verwertet werden kann. Collagen-Hydrolysat wird in einem besonderen Prozess, der enzymatischen Hydrolyse, hergestellt. Hierdurch entstehen sehr kleine Collagen-Fragmente, die unverdaut die Magen-Darmwand passieren k\u00f6nnen und mit dem Blut zu den Gelenken transportiert werden. Alle Zellen unseres K\u00f6rpers m\u00fcssen st\u00e4ndig ern\u00e4hrt werden, so auch der Gelenkknorpel. Die Eiwei\u00df- bzw. Aminos\u00e4urenzusammensetzung des Collagen-Hydrolysat entspricht der faserigen Zellstruktur des Gelenkknorpels. Wissenschaftliche Studien zeigen, dass zu Collagen-Hydrolysat aufbereitete Gelatine die Darmwand teilweise unver\u00e4ndert passiert. Collagen-Hydrolysat stimuliert die Collagen-Synthese von Knorpelzellen, dar\u00fcber hinaus wird ein weiterer wichtiger Bestandteil der Knorpelmatrix, die Protoglycane vermehrt gebildet. Collagen-Hydrolysat f\u00fchrt also zur vermehrten Bildung von Knorpelgewebe.<\/p>\n<p>Einsatz nur nach Absprache mit uns.<\/p>\n<p>Preis\/250 g Dose: Euro 18,47<\/p>\n<p>Alle o.a. Preise verstehen sich incl.\u00a0 19 % MWSt.<\/p>\n","protected":false},"excerpt":{"rendered":"<p>Dieses Mittel dient zur Unterst\u00fctzung f\u00fcr Gelenke mit speziell aufbereiteter und hochreiner Gelatine\/Collagen-Hydrolysat aus Rindern von zertifizierten H\u00f6fen (auf BSE gepr\u00fcft). Gelatine\/Collagen-Hydrolysat ist ein Protein mit hohem Hydroxyprolingehalt, einer Aminos\u00e4ure, die Hauptbestandteil von Knorpel, Sehnen und Bindegeweben, wie auch Haut, Haaren und N\u00e4geln ist. Collagen-Hydrolysat ist eine wertvolle Hilfe f\u00fcr die Knorpelregeneration. Die h\u00f6chste Wirksamkeit &hellip; <\/p>\n<p class=\"link-more\"><a href=\"https:\/\/www.animal-thp.de\/index.php\/produkte\/gelatine-hydrolysat\/\" class=\"more-link\"><span class=\"screen-reader-text\">\u201eGelatine-Hydrolysat\u201c<\/span> weiterlesen<\/a><\/p>\n","protected":false},"author":1,"featured_media":0,"parent":91,"menu_order":0,"comment_status":"closed","ping_status":"closed","template":"","meta":{"footnotes":""},"class_list":["post-101","page","type-page","status-publish","hentry"],"_links":{"self":[{"href":"https:\/\/www.animal-thp.de\/index.php\/wp-json\/wp\/v2\/pages\/101","targetHints":{"allow":["GET"]}}],"collection":[{"href":"https:\/\/www.animal-thp.de\/index.php\/wp-json\/wp\/v2\/pages"}],"about":[{"href":"https:\/\/www.animal-thp.de\/index.php\/wp-json\/wp\/v2\/types\/page"}],"author":[{"embeddable":true,"href":"https:\/\/www.animal-thp.de\/index.php\/wp-json\/wp\/v2\/users\/1"}],"replies":[{"embeddable":true,"href":"https:\/\/www.animal-thp.de\/index.php\/wp-json\/wp\/v2\/comments?post=101"}],"version-history":[{"count":2,"href":"https:\/\/www.animal-thp.de\/index.php\/wp-json\/wp\/v2\/pages\/101\/revisions"}],"predecessor-version":[{"id":220,"href":"https:\/\/www.animal-thp.de\/index.php\/wp-json\/wp\/v2\/pages\/101\/revisions\/220"}],"up":[{"embeddable":true,"href":"https:\/\/www.animal-thp.de\/index.php\/wp-json\/wp\/v2\/pages\/91"}],"wp:attachment":[{"href":"https:\/\/www.animal-thp.de\/index.php\/wp-json\/wp\/v2\/media?parent=101"}],"curies":[{"name":"wp","href":"https:\/\/api.w.org\/{rel}","templated":true}]}}