{"id":12,"date":"2018-03-01T17:46:34","date_gmt":"2018-03-01T16:46:34","guid":{"rendered":"http:\/\/www.animal-thp.de\/?page_id=12"},"modified":"2018-03-01T22:18:03","modified_gmt":"2018-03-01T21:18:03","slug":"impressum","status":"publish","type":"page","link":"https:\/\/www.animal-thp.de\/index.php\/impressum\/","title":{"rendered":"Impressum"},"content":{"rendered":"<p>J\u00f6rg &#038; Britta Hoebener<\/p>\n<p>Tierheilpraktiker<\/p>\n<p>Hermann-L\u00f6ns-Str. 16<\/p>\n<p>53797 Lohmar<\/p>\n<p>Telefon:        +49 2246 168102<\/p>\n<p>Telefax:        +49 2246 168101<\/p>\n<p>E-Mail:           animal@hoebener.de<\/p>\n<p>Internet:        www.animal-thp.de<\/p>\n<p>Skype:          joerg.hoebener<\/p>\n<p>Unsere UStIdNr:    220\/5181\/0845<\/p>\n<p>Unsere Ust-Nr:       DE 204573837<\/p>\n<p>Inhaltlich Verantwortlicher gem\u00e4\u00df \u00a7 10 Absatz 3 MDStV:<\/p>\n<p>J\u00f6rg &#038; Britta Hoebener (Anschrift wie oben)<\/p>\n<p>Haftungshinweis:<\/p>\n<p>Trotz sorgf\u00e4ltiger inhaltlicher Kontrolle \u00fcbernehmen wir keine Haftung f\u00fcr die<\/p>\n<p>Inhalte externer Links. F\u00fcr den Inhalt der verlinkten Seiten sind ausschlie\u00dflich<\/p>\n<p>deren Betreiber verantwortlich.<\/p>\n","protected":false},"excerpt":{"rendered":"<p>J\u00f6rg &#038; Britta Hoebener Tierheilpraktiker Hermann-L\u00f6ns-Str. 16 53797 Lohmar Telefon: +49 2246 168102 Telefax: +49 2246 168101 E-Mail: animal@hoebener.de Internet: www.animal-thp.de Skype: joerg.hoebener Unsere UStIdNr: 220\/5181\/0845 Unsere Ust-Nr: DE 204573837 Inhaltlich Verantwortlicher gem\u00e4\u00df \u00a7 10 Absatz 3 MDStV: J\u00f6rg &#038; Britta Hoebener (Anschrift wie oben) Haftungshinweis: Trotz sorgf\u00e4ltiger inhaltlicher Kontrolle \u00fcbernehmen wir keine Haftung f\u00fcr &hellip; <\/p>\n<p class=\"link-more\"><a href=\"https:\/\/www.animal-thp.de\/index.php\/impressum\/\" class=\"more-link\"><span class=\"screen-reader-text\">\u201eImpressum\u201c<\/span> weiterlesen<\/a><\/p>\n","protected":false},"author":1,"featured_media":0,"parent":0,"menu_order":100,"comment_status":"closed","ping_status":"closed","template":"","meta":{"footnotes":""},"class_list":["post-12","page","type-page","status-publish","hentry"],"_links":{"self":[{"href":"https:\/\/www.animal-thp.de\/index.php\/wp-json\/wp\/v2\/pages\/12","targetHints":{"allow":["GET"]}}],"collection":[{"href":"https:\/\/www.animal-thp.de\/index.php\/wp-json\/wp\/v2\/pages"}],"about":[{"href":"https:\/\/www.animal-thp.de\/index.php\/wp-json\/wp\/v2\/types\/page"}],"author":[{"embeddable":true,"href":"https:\/\/www.animal-thp.de\/index.php\/wp-json\/wp\/v2\/users\/1"}],"replies":[{"embeddable":true,"href":"https:\/\/www.animal-thp.de\/index.php\/wp-json\/wp\/v2\/comments?post=12"}],"version-history":[{"count":2,"href":"https:\/\/www.animal-thp.de\/index.php\/wp-json\/wp\/v2\/pages\/12\/revisions"}],"predecessor-version":[{"id":65,"href":"https:\/\/www.animal-thp.de\/index.php\/wp-json\/wp\/v2\/pages\/12\/revisions\/65"}],"wp:attachment":[{"href":"https:\/\/www.animal-thp.de\/index.php\/wp-json\/wp\/v2\/media?parent=12"}],"curies":[{"name":"wp","href":"https:\/\/api.w.org\/{rel}","templated":true}]}}