{"id":14,"date":"2018-03-01T17:46:56","date_gmt":"2018-03-01T16:46:56","guid":{"rendered":"http:\/\/www.animal-thp.de\/?page_id=14"},"modified":"2022-08-19T09:59:41","modified_gmt":"2022-08-19T07:59:41","slug":"erstgespraech","status":"publish","type":"page","link":"https:\/\/www.animal-thp.de\/index.php\/homoeopathie\/erstgespraech\/","title":{"rendered":"Erstgespr\u00e4ch"},"content":{"rendered":"<p>Abh\u00e4ngig von der jeweils vorliegenden Krankheit, findet das sogenannte Erstgespr\u00e4ch (dauert in der Regel 2-3 Stunden!!) nach Terminabsprache im Haus des Tieres, am Telefon oder bei uns statt. Oft ist es besser das Tier zu besuchen, welches damit dann meist weniger Stress hat, da es die vertraute Umgebung nicht verlassen muss und es verh\u00e4lt sich auch anders als in der &#8222;Fremde&#8220;. Zudem sehen wir Vorort meist mehr (z.B. giftige Pflanzen), als bei einer Schilderung der Vorg\u00e4nge oder Probleme durch den Patientenhalter.<\/p>\n<p>Die Anamnese, also Aufnahme des Krankheitsbildes ist sehr wichtig. Hierbei wird von jedem Tierhalter ein ausf\u00fchrlicher Bericht f\u00fcr jedes einzelne Tier (vorzugsweise als word.doc, keine PDFs oder handgeschriebenen Zettel) verlangt, der folgende Punkte enthalten soll:<\/p>\n<p>Pers\u00f6nliche Daten des Tieres wie Rasse, Geschlecht, Alter, Farbe etc.<\/p>\n<p>Bisherige tier\u00e4rztliche Behandlungen in chronologischer Reihenfolge mit Angabe aller verabreichten Medikamenten (nach M\u00f6glichkeit). Kopien von Blut-, Kot- oder Urintests.<\/p>\n<p>Angabe aller Impfungen und Impfstoffe und daraus resultierende Auff\u00e4lligkeiten wie M\u00fcdigkeit, Schw\u00e4chen, Durchfall, Erbrechen oder schlimmstenfalls Impfabszesse.<\/p>\n<p>S\u00e4mtliche Futtermittel mit genauer Angabe der Hersteller und Sorten (bis hin zu den &#8222;Leckerchen&#8220;), aber ohne Zusammensetzung.<\/p>\n<p>Alle Pflanzen und verwendeten Putzmittel im Haus.<\/p>\n<p>Eine genaue Charakterbeschreibung mit Eigenheiten Ihres Tieres. Angaben \u00fcber den Ausbildungsstand, Unterordnung, Jagdtrieb, Sozialverhalten und Unarten etc.<\/p>\n<p>Das genaue Darstellen des Schlafverhaltens wie z.B. wo, wie, wann liegt Ihr Tier. Gibt es eine bevorzugte Stellung oder Seite auf der es liegt. Miaut, kl\u00e4fft oder grunzt es w\u00e4hrend des Schlafes. Tr\u00e4umt es???<br \/>\nEine Sendung der Berichte per E-Mail kurz vor dem Termin, sind von Vorteil.<\/p>\n<p>Wenn Sie ein digitales Foto (bitte wirklich scharf, die offenen Augen nicht verblitzt und klar sowie bitte NICHT aus der Vogelperspektive, z.B. eine Kopfaufnahme und eine seitlich vom K\u00f6rper in die Kamera guckend, keine Detailaufnahmen) von Ihrem Liebling haben, senden Sie dieses als Anhang bitte einfach mit.<\/p>\n<p>Aber Achtung:<br \/>\nMails mit Anh\u00e4ngen \u00fcber 10 MB werden automatisch gel\u00f6scht!!<\/p>\n<p>Bitte vergessen Sie nicht, mir auf Ihrer ersten Mail auch Ihre kompl. Anschrift und Telefonnummer (zur einfacheren Kontaktaufnahme) mitzuteilen!!!<\/p>\n","protected":false},"excerpt":{"rendered":"<p>Abh\u00e4ngig von der jeweils vorliegenden Krankheit, findet das sogenannte Erstgespr\u00e4ch (dauert in der Regel 2-3 Stunden!!) nach Terminabsprache im Haus des Tieres, am Telefon oder bei uns statt. Oft ist es besser das Tier zu besuchen, welches damit dann meist weniger Stress hat, da es die vertraute Umgebung nicht verlassen muss und es verh\u00e4lt sich &hellip; <\/p>\n<p class=\"link-more\"><a href=\"https:\/\/www.animal-thp.de\/index.php\/homoeopathie\/erstgespraech\/\" class=\"more-link\"><span class=\"screen-reader-text\">\u201eErstgespr\u00e4ch\u201c<\/span> weiterlesen<\/a><\/p>\n","protected":false},"author":1,"featured_media":0,"parent":10,"menu_order":0,"comment_status":"closed","ping_status":"closed","template":"","meta":{"footnotes":""},"class_list":["post-14","page","type-page","status-publish","hentry"],"_links":{"self":[{"href":"https:\/\/www.animal-thp.de\/index.php\/wp-json\/wp\/v2\/pages\/14","targetHints":{"allow":["GET"]}}],"collection":[{"href":"https:\/\/www.animal-thp.de\/index.php\/wp-json\/wp\/v2\/pages"}],"about":[{"href":"https:\/\/www.animal-thp.de\/index.php\/wp-json\/wp\/v2\/types\/page"}],"author":[{"embeddable":true,"href":"https:\/\/www.animal-thp.de\/index.php\/wp-json\/wp\/v2\/users\/1"}],"replies":[{"embeddable":true,"href":"https:\/\/www.animal-thp.de\/index.php\/wp-json\/wp\/v2\/comments?post=14"}],"version-history":[{"count":4,"href":"https:\/\/www.animal-thp.de\/index.php\/wp-json\/wp\/v2\/pages\/14\/revisions"}],"predecessor-version":[{"id":288,"href":"https:\/\/www.animal-thp.de\/index.php\/wp-json\/wp\/v2\/pages\/14\/revisions\/288"}],"up":[{"embeddable":true,"href":"https:\/\/www.animal-thp.de\/index.php\/wp-json\/wp\/v2\/pages\/10"}],"wp:attachment":[{"href":"https:\/\/www.animal-thp.de\/index.php\/wp-json\/wp\/v2\/media?parent=14"}],"curies":[{"name":"wp","href":"https:\/\/api.w.org\/{rel}","templated":true}]}}