{"id":143,"date":"2018-03-03T11:36:27","date_gmt":"2018-03-03T10:36:27","guid":{"rendered":"http:\/\/www.animal-thp.de\/?page_id=143"},"modified":"2018-05-24T12:39:41","modified_gmt":"2018-05-24T10:39:41","slug":"agb","status":"publish","type":"page","link":"https:\/\/www.animal-thp.de\/index.php\/agb\/","title":{"rendered":"Allgemeine Gesch\u00e4ftsbedingungen"},"content":{"rendered":"<p style=\"text-align: left;\"><strong>Allgemeine Gesch\u00e4ftsbedingungen; Animal Aid, J\u00f6rg Hoebener<\/strong><br \/>\n<strong>Geltungsbereich:<\/strong><br \/>\nF\u00fcr die Gesch\u00e4ftsbeziehung zwischen der Fa.\u00a0 Animal Aid, J\u00f6rg &amp; Britta Hoebener und dem K\u00e4ufer &#8211; auch f\u00fcr alle zuk\u00fcnftigen Gesch\u00e4fte &#8211; gelten die nachfolgenden allgemeinen Gesch\u00e4ftsbedingungen in ihrer zum Zeitpunkt der Bestellung g\u00fcltigen Fassung. Abweichende Bedingungen bed\u00fcrfen der schriftlichen Verfassung und der ausdr\u00fccklichen Zustimmung beider Parteien.<\/p>\n<p><strong>Bestellung<\/strong>:<br \/>\nSie k\u00f6nnen uns Ihre Bestellung gerne unter 02246\/168101 per Fax zukommen lassen oder unter animal@hoebener.de eine E-Mail senden.<\/p>\n<p><strong>Preise<\/strong>:<br \/>\nF\u00fcr die Internet-Bestellung gelten die aufgef\u00fchrten Preise am Tage der Bestellung. F\u00fcr eventuelle Preisirrt\u00fcmer oder Druckfehler \u00fcbernehmen wir keine Haftung. Alle genannten Preise verstehen sich in EUR einschlie\u00dflich gesetzlicher Mehrwertsteuer.<\/p>\n<p><strong>Lieferung<\/strong>:<br \/>\nWir bearbeiten Auftr\u00e4ge schnellstm\u00f6glich. Der Versand erfolgt werkt\u00e4glich per DHL, erfahrungsgem\u00e4\u00df dauert der Versand 2-3 Werktage. Nicht lieferbare Artikel werden vorgemerkt und nach Wareneingang bei uns an Sie versandt.<br \/>\nWir berechnen f\u00fcr die Lieferung (Porto und Versand) in der Regel EUR 6,00. Sollte ein Artikel nicht Vorr\u00e4tig sein, senden wir ihn automatisch nach.<br \/>\nDer Versand erfolgt auf die Gefahr des Bestellers.<br \/>\nUnvorhergesehene Hindernisse, wie z.B. h\u00f6here Gewalt, Streik, Unf\u00e4lle u.a., die eine<br \/>\nVerz\u00f6gerung der Lieferung bewirken, entbinden uns von der Einhaltung eventuell vereinbarter Lieferfristen.<\/p>\n<p><strong>Zahlung<\/strong>:<br \/>\nDie Rechnungsstellung erfolgt mit Datum des Versandtages. Bei \u00dcberschreitung der Zahlungsfrist behalten wir uns vor, die bank\u00fcblichen Zinsen zu berechnen.<br \/>\nErstkunden beliefern wir gegen Vorkasse.<br \/>\nDie Versandkosten sind abh\u00e4ngig von den von Ihnen gew\u00e4hlten Artikeln.<br \/>\nDie Ware bleibt bis zur vollst\u00e4ndigen Bezahlung Eigentum der Fa. Animal Aid.<\/p>\n<p><strong>Retouren:<\/strong><br \/>\nWurde der Originalit\u00e4tsverschlu\u00df an den Nahrungserg\u00e4nzungsmitteln manipuliert oder entfernt, erlischt das R\u00fcckgaberecht aus lebensmittelrechtlichen bzw. hygienischen Gr\u00fcnden (au\u00dfer bei evtl. Produktm\u00e4ngeln); ebenso bei Waren, deren Originalverpackung zerst\u00f6rt wurde.<br \/>\nTipp: Vor einer evtl. geplanten R\u00fccksendung (kam bisher noch nie vor), k\u00f6nnen Sie sich der Einfachheit halber erst mit uns in Verbindung setzen &#8211; danke.<br \/>\nBis zu einem Bestellwert von EUR 40,- tr\u00e4gt der Kunde die R\u00fccksendungskosten.<\/p>\n<p><strong>Garantie und Gew\u00e4hrleistung<\/strong><br \/>\nEs gelten die von den Herstellern gew\u00e4hrten Garantiefristen. Die Rechnung gilt als Garantienachweis.<br \/>\nBei unsachgem\u00e4\u00dfer Handhabung erlischt die Garantie und entf\u00e4llt die Gew\u00e4hrleistungspflicht unsererseits. Bis zur vollst\u00e4ndigen Bezahlung bleibt die Ware Eigentum der Fa. Animal Aid, Joerg &amp; Britta Hoebener, Lohmar. Wird die Ware vor Bezahlung an Dritte weiterver\u00e4u\u00dfert, tritt der Verk\u00e4ufer schon jetzt alle ihm aus der Weiterver\u00e4u\u00dferung zustehenden oder entstehenden Forderungen an uns ab, die dem Wert der von uns gelieferten Ware entspricht.<\/p>\n<p><strong>Datenschutz:<\/strong><br \/>\nWir speichern Ihre Adressdaten nur f\u00fcr interne Zwecke. Eine Weitergabe (Vermietung) Ihrer Adressdaten oder E-Mail-Adresse zu Werbezwecken findet nicht statt.<br \/>\nIm \u00dcbrigen pflegen wir in Einzelf\u00e4llen (z.B. bei Gro\u00dfbestellungen \u00fcber EUR 2.500,&#8211;) zum Zwecke der Kreditpr\u00fcfung einen Datenaustausch mit anderen Versandhandelsunternehmen und ggf. mit der Schufa.<\/p>\n<p><strong>Gerichtsstand:<\/strong><br \/>\nErf\u00fcllungsort f\u00fcr Lieferung und Zahlung sowie der Gerichtsstand ist Lohmar.<\/p>\n<p><strong>Salvatorische Klausel:<\/strong><br \/>\nSollte eine oder mehrere der Bestimmungen unwirksam sein oder werden, ber\u00fchrt das die Wirksamkeit der restlichen Bestimmungen nicht.<\/p>\n<p><strong>Rechtlicher Hinweis:<\/strong><br \/>\nNahrungserg\u00e4nzungsmittel und hom. Mittel werden selbstverantwortlich genutzt.<br \/>\n<strong>Wir haften nicht bei unsachgem\u00e4\u00dfen Gebrauch oder \u00dcberdosierung. Bei Zweifeln fragen Sie bitte Ihren Arzt oder Heilpraktiker.<\/strong><\/p>\n","protected":false},"excerpt":{"rendered":"<p>Allgemeine Gesch\u00e4ftsbedingungen; Animal Aid, J\u00f6rg Hoebener Geltungsbereich: F\u00fcr die Gesch\u00e4ftsbeziehung zwischen der Fa.\u00a0 Animal Aid, J\u00f6rg &amp; Britta Hoebener und dem K\u00e4ufer &#8211; auch f\u00fcr alle zuk\u00fcnftigen Gesch\u00e4fte &#8211; gelten die nachfolgenden allgemeinen Gesch\u00e4ftsbedingungen in ihrer zum Zeitpunkt der Bestellung g\u00fcltigen Fassung. Abweichende Bedingungen bed\u00fcrfen der schriftlichen Verfassung und der ausdr\u00fccklichen Zustimmung beider Parteien. Bestellung: &hellip; <\/p>\n<p class=\"link-more\"><a href=\"https:\/\/www.animal-thp.de\/index.php\/agb\/\" class=\"more-link\"><span class=\"screen-reader-text\">\u201eAllgemeine Gesch\u00e4ftsbedingungen\u201c<\/span> weiterlesen<\/a><\/p>\n","protected":false},"author":1,"featured_media":0,"parent":0,"menu_order":0,"comment_status":"closed","ping_status":"closed","template":"","meta":{"footnotes":""},"class_list":["post-143","page","type-page","status-publish","hentry"],"_links":{"self":[{"href":"https:\/\/www.animal-thp.de\/index.php\/wp-json\/wp\/v2\/pages\/143","targetHints":{"allow":["GET"]}}],"collection":[{"href":"https:\/\/www.animal-thp.de\/index.php\/wp-json\/wp\/v2\/pages"}],"about":[{"href":"https:\/\/www.animal-thp.de\/index.php\/wp-json\/wp\/v2\/types\/page"}],"author":[{"embeddable":true,"href":"https:\/\/www.animal-thp.de\/index.php\/wp-json\/wp\/v2\/users\/1"}],"replies":[{"embeddable":true,"href":"https:\/\/www.animal-thp.de\/index.php\/wp-json\/wp\/v2\/comments?post=143"}],"version-history":[{"count":4,"href":"https:\/\/www.animal-thp.de\/index.php\/wp-json\/wp\/v2\/pages\/143\/revisions"}],"predecessor-version":[{"id":201,"href":"https:\/\/www.animal-thp.de\/index.php\/wp-json\/wp\/v2\/pages\/143\/revisions\/201"}],"wp:attachment":[{"href":"https:\/\/www.animal-thp.de\/index.php\/wp-json\/wp\/v2\/media?parent=143"}],"curies":[{"name":"wp","href":"https:\/\/api.w.org\/{rel}","templated":true}]}}