{"id":152,"date":"2018-03-03T11:42:42","date_gmt":"2018-03-03T10:42:42","guid":{"rendered":"http:\/\/www.animal-thp.de\/?page_id=152"},"modified":"2018-03-03T11:42:42","modified_gmt":"2018-03-03T10:42:42","slug":"homoeopathie-fuer-tiere-1","status":"publish","type":"page","link":"https:\/\/www.animal-thp.de\/index.php\/homoeopathie-fuer-tiere-1\/","title":{"rendered":"Hom\u00f6opathie f\u00fcr Tiere (1)"},"content":{"rendered":"<p>Mit diesem Seminar bieten wir Ihnen den Einstieg und das Grundwissen der Hom\u00f6opathie f\u00fcr Tiere an. Viele haben von dieser M\u00f6glichkeit der Therapie schon geh\u00f6rt. Einige probieren mehr oder weniger erfolgreich &#8222;mal so rum&#8220;, aber nur wenige wissen wirklich wie der Einsatz der Mittel richtig geschieht. Worauf man achten muss, welche Fehler man machen kann und wie man diese vermeidet, erkl\u00e4ren wir einfach und verst\u00e4ndlich.<\/p>\n<p><strong>Das steht auf dem Programm:<\/strong><\/p>\n<ul>\n<li>Geschichte und Ursprung<\/li>\n<li>Mittelherstellung<\/li>\n<li>Potenzierung und Potenzen<\/li>\n<li>Erstverschlimmerung und Mittelwirkung<\/li>\n<li>Einsatz von Einzel- und Komplexmitteln<\/li>\n<li>Antidote<\/li>\n<li>Behandlungsverlauf- und fehler<\/li>\n<li>Tipps, Tricks und Hilfen aus der Praxis<\/li>\n<li>Offene Fragen<\/li>\n<\/ul>\n<p><strong>Wann und Wo:<\/strong><\/p>\n<p>Das Seminar findet am 21.03.2009 bei uns in der Hermann-L\u00f6ns-Str. 16, 53797 Lohmar statt und dauert je nach Wissensdurst ca. 4 Stunden. Wir beginnen p\u00fcnktlich um 14:00 Uhr. Wenn Sie m\u00f6chten, haben Sie anschlie\u00dfend die M\u00f6glichkeit bei einem gem\u00fctlichen Essen (Restaurant Kavala, Donrath\/nicht in der Kursgeb\u00fchr enthalten), noch Ihre pers\u00f6nlichen Fragen zu stellen.<\/p>\n<p><strong>Kursgeb\u00fchr:<\/strong><\/p>\n<p>Die Kursgeb\u00fchr betr\u00e4gt \u20ac 50,00 pro Person und muss sp\u00e4testens 2 Wochen vor Kursbeginn auf unsere Bankverbindung (Kto: 2100550027\/BLZ: 370 695 20) zur Platzsicherung \u00fcberwiesen worden sein.<\/p>\n<p><strong>Anmeldung:<\/strong><\/p>\n<p>Ihre Anmeldung geschieht formlos per Brief, Fax oder E-Mail und ein Platz wird f\u00fcr Sie sofort nach dem Erhalt der Kursgeb\u00fchr reserviert. Sie erhalten eine Best\u00e4tigung. Damit der Rahmen nicht gesprengt wird, ist die Anzahl der Teilnehmer pro Tag beschr\u00e4nkt. Gehen zu viele Anmeldungen ein, so findet ein zweiter Termin nach Absprache statt.<\/p>\n<p><strong>ACHTUNG: Bei einer Abmeldung wird die Seminargeb\u00fchr nicht zur\u00fcckerstattet.<\/strong><\/p>\n<p><strong>Arbeitsmaterial:<\/strong><\/p>\n<p>Wir stellen absichtlich kein Material zur Verf\u00fcgung und bitten dementsprechend Schreibzeug mitzubringen. Der Sinn hierin liegt zum einen darin begr\u00fcndet, dass selbst Erarbeitetes besser in die Praxis umgesetzt werden kann und zum anderen reduziert sich dadurch die Seminargeb\u00fchr f\u00fcr Sie.<\/p>\n","protected":false},"excerpt":{"rendered":"<p>Mit diesem Seminar bieten wir Ihnen den Einstieg und das Grundwissen der Hom\u00f6opathie f\u00fcr Tiere an. Viele haben von dieser M\u00f6glichkeit der Therapie schon geh\u00f6rt. Einige probieren mehr oder weniger erfolgreich &#8222;mal so rum&#8220;, aber nur wenige wissen wirklich wie der Einsatz der Mittel richtig geschieht. Worauf man achten muss, welche Fehler man machen kann &hellip; <\/p>\n<p class=\"link-more\"><a href=\"https:\/\/www.animal-thp.de\/index.php\/homoeopathie-fuer-tiere-1\/\" class=\"more-link\"><span class=\"screen-reader-text\">\u201eHom\u00f6opathie f\u00fcr Tiere (1)\u201c<\/span> weiterlesen<\/a><\/p>\n","protected":false},"author":1,"featured_media":0,"parent":0,"menu_order":0,"comment_status":"closed","ping_status":"closed","template":"","meta":{"footnotes":""},"class_list":["post-152","page","type-page","status-publish","hentry"],"_links":{"self":[{"href":"https:\/\/www.animal-thp.de\/index.php\/wp-json\/wp\/v2\/pages\/152","targetHints":{"allow":["GET"]}}],"collection":[{"href":"https:\/\/www.animal-thp.de\/index.php\/wp-json\/wp\/v2\/pages"}],"about":[{"href":"https:\/\/www.animal-thp.de\/index.php\/wp-json\/wp\/v2\/types\/page"}],"author":[{"embeddable":true,"href":"https:\/\/www.animal-thp.de\/index.php\/wp-json\/wp\/v2\/users\/1"}],"replies":[{"embeddable":true,"href":"https:\/\/www.animal-thp.de\/index.php\/wp-json\/wp\/v2\/comments?post=152"}],"version-history":[{"count":1,"href":"https:\/\/www.animal-thp.de\/index.php\/wp-json\/wp\/v2\/pages\/152\/revisions"}],"predecessor-version":[{"id":154,"href":"https:\/\/www.animal-thp.de\/index.php\/wp-json\/wp\/v2\/pages\/152\/revisions\/154"}],"wp:attachment":[{"href":"https:\/\/www.animal-thp.de\/index.php\/wp-json\/wp\/v2\/media?parent=152"}],"curies":[{"name":"wp","href":"https:\/\/api.w.org\/{rel}","templated":true}]}}