{"id":155,"date":"2018-03-03T11:44:22","date_gmt":"2018-03-03T10:44:22","guid":{"rendered":"http:\/\/www.animal-thp.de\/?page_id=155"},"modified":"2018-03-03T11:44:22","modified_gmt":"2018-03-03T10:44:22","slug":"homoeopathie-fuer-tiere-2","status":"publish","type":"page","link":"https:\/\/www.animal-thp.de\/index.php\/homoeopathie-fuer-tiere-2\/","title":{"rendered":"Hom\u00f6opathie f\u00fcr Tiere (2)"},"content":{"rendered":"<p>Mit diesem weiterf\u00fchrenden Seminar bieten wir den tieferen Einstieg in die Hom\u00f6opathie f\u00fcr Tiere an. Sie erhalten nun die M\u00f6glichkeit, Ihr Tier in vielen Alltagssituationen selber versorgen zu k\u00f6nnen. Damit k\u00f6nnen Sie nicht nur Kosten sparen, sondern auch wesentlich mehr f\u00fcr die Gesundheit Ihres Tieres tun, als Sie denken.<\/p>\n<p><strong>Das steht auf dem Programm:<\/strong><\/p>\n<ul>\n<li>Futterkunde<\/li>\n<li>Impfungen und Sch\u00e4den<\/li>\n<li>Wurmkuren<\/li>\n<li>Nosoden<\/li>\n<li>Konstitutionsmittel\/Zucht<\/li>\n<li>OP-Vorbereitungen und Nachsorge<\/li>\n<li>Druckprobe\/Augen- und Ohrendiagnose<\/li>\n<li>Praktische Arbeit am Tier<\/li>\n<li>Notfallmittel: z.B. Durchfall, Geburt, Verletzungen<\/li>\n<li>Offene Fragen<\/li>\n<\/ul>\n<p><strong>Wann und Wo:<\/strong><br \/>\nDas Seminar findet am bei uns in der Hermann-L\u00f6ns-Str. 16, 53797 Lohmar statt und dauert je nach Wissensdurst ca. 4 Stunden. Wir beginnen p\u00fcnktlich um 14:00 Uhr. Wenn Sie m\u00f6chten, haben Sie anschlie\u00dfend die M\u00f6glichkeit bei einem gem\u00fctlichen Essen (Restaurant Kavala, Donrath\/nicht in der Kursgeb\u00fchr enthalten), noch Ihre pers\u00f6nlichen Fragen zu stellen.<\/p>\n<p><strong>Kursgeb\u00fchr:<\/strong><br \/>\nDie Kursgeb\u00fchr betr\u00e4gt \u20ac 60,00 pro Person und muss sp\u00e4testens<\/p>\n<p>2 Wochen vor Kursbeginn auf unsere Bankverbindung<\/p>\n<p>(Kto: 2100550027\/BLZ: 370 695 20) zur Platzsicherung \u00fcberwiesen worden sein.<\/p>\n<p><strong>Anmeldung:<\/strong><br \/>\nIhre Anmeldung geschieht formlos per Brief, Fax oder E-Mail und ein Platz wird f\u00fcr Sie sofort nach dem Erhalt der Kursgeb\u00fchr reserviert. Sie erhalten eine Best\u00e4tigung. Damit der Rahmen nicht gesprengt wird, ist die Anzahl der Teilnehmer pro Tag beschr\u00e4nkt. Gehen zu viele Anmeldungen ein, so findet ein zweiter Termin nach Absprache statt.<\/p>\n<p><strong>ACHTUNG: Bei einer Abmeldung wird die Seminargeb\u00fchr nicht zur\u00fcckerstattet.<\/strong><\/p>\n<p><strong>Arbeitsmaterial:<\/strong><br \/>\nWir stellen zum Teil Arbeitsmaterial zur Verf\u00fcgung. Bitte bringen Sie trotzdem Schreibzeug mit. Vieles m\u00fcssen Sie sich allerdings auch weiterhin selber erarbeiten.<\/p>\n","protected":false},"excerpt":{"rendered":"<p>Mit diesem weiterf\u00fchrenden Seminar bieten wir den tieferen Einstieg in die Hom\u00f6opathie f\u00fcr Tiere an. Sie erhalten nun die M\u00f6glichkeit, Ihr Tier in vielen Alltagssituationen selber versorgen zu k\u00f6nnen. Damit k\u00f6nnen Sie nicht nur Kosten sparen, sondern auch wesentlich mehr f\u00fcr die Gesundheit Ihres Tieres tun, als Sie denken. Das steht auf dem Programm: Futterkunde &hellip; <\/p>\n<p class=\"link-more\"><a href=\"https:\/\/www.animal-thp.de\/index.php\/homoeopathie-fuer-tiere-2\/\" class=\"more-link\"><span class=\"screen-reader-text\">\u201eHom\u00f6opathie f\u00fcr Tiere (2)\u201c<\/span> weiterlesen<\/a><\/p>\n","protected":false},"author":1,"featured_media":0,"parent":0,"menu_order":0,"comment_status":"closed","ping_status":"closed","template":"","meta":{"footnotes":""},"class_list":["post-155","page","type-page","status-publish","hentry"],"_links":{"self":[{"href":"https:\/\/www.animal-thp.de\/index.php\/wp-json\/wp\/v2\/pages\/155","targetHints":{"allow":["GET"]}}],"collection":[{"href":"https:\/\/www.animal-thp.de\/index.php\/wp-json\/wp\/v2\/pages"}],"about":[{"href":"https:\/\/www.animal-thp.de\/index.php\/wp-json\/wp\/v2\/types\/page"}],"author":[{"embeddable":true,"href":"https:\/\/www.animal-thp.de\/index.php\/wp-json\/wp\/v2\/users\/1"}],"replies":[{"embeddable":true,"href":"https:\/\/www.animal-thp.de\/index.php\/wp-json\/wp\/v2\/comments?post=155"}],"version-history":[{"count":1,"href":"https:\/\/www.animal-thp.de\/index.php\/wp-json\/wp\/v2\/pages\/155\/revisions"}],"predecessor-version":[{"id":157,"href":"https:\/\/www.animal-thp.de\/index.php\/wp-json\/wp\/v2\/pages\/155\/revisions\/157"}],"wp:attachment":[{"href":"https:\/\/www.animal-thp.de\/index.php\/wp-json\/wp\/v2\/media?parent=155"}],"curies":[{"name":"wp","href":"https:\/\/api.w.org\/{rel}","templated":true}]}}