{"id":158,"date":"2018-03-03T11:46:22","date_gmt":"2018-03-03T10:46:22","guid":{"rendered":"http:\/\/www.animal-thp.de\/?page_id=158"},"modified":"2018-03-03T11:46:22","modified_gmt":"2018-03-03T10:46:22","slug":"sicher-testen-fuer-tiere-3","status":"publish","type":"page","link":"https:\/\/www.animal-thp.de\/index.php\/sicher-testen-fuer-tiere-3\/","title":{"rendered":"&#8222;Sicher Testen&#8220; f\u00fcr Tiere (3)"},"content":{"rendered":"<p>Bei diesem Seminar erlernen Sie mit Hilfe der Kinesiologie (Muskelreflextest) die passende Therapie f\u00fcr Ihr Tier selber zu ermitteln. \u201eFragen\u201c Sie Ihr Tier doch einfach, was es braucht und was ihm fehlt. Setzen Sie hom\u00f6opathische Mittel, Bachbl\u00fctenkombinationen, Futter oder auch allopathische Medikamente gezielt und richtig ein. Das Seminar versetzt jeden in die Lage, besser mit seinem Tier kommunizieren zu k\u00f6nnen und bringt dadurch viel mehr Klarheit in die Beziehung zu Ihrem Vierbeiner. Das kann jeder und bei uns lernen Sie es. Sie k\u00f6nnen Probleme einfach \u201eaustesten\u201c und dann entsprechend gegensteuern. Es gibt tausende von M\u00f6glichkeiten mit dieser \u201eeingebauten\u201c und jederzeit verf\u00fcgbaren Apotheke zu arbeiten.Sparen Sie viel Geld durch eigene Diagnoseans\u00e4tze. Die Gesundheit Ihres Tieres wird es Ihnen Danken.<\/p>\n<p><strong>Wann und Wo<\/strong>:<\/p>\n<p>Das Seminar findet am 03.12.2005 im Seminarraum der Fam. Janssen, Im Tannenhof 1, 53797 Lohmar (Parkpl\u00e4tze bitte ausschlie\u00dflich in der Schmiedgasse suchen) statt und beginnt p\u00fcnktlich um 09:00 Uhr. Das Kursende ist auf ca. 18:00 Uhr angelegt.<\/p>\n<p><strong>Verpflegung:<\/strong><\/p>\n<p>Bisher sind wir bestens damit gefahren, dass jeder Teilnehmer etwas Selbstgemachtes mitgebracht hat. Angefangen bei Salaten jeglicher Art, W\u00fcrstchen, Brot und Br\u00f6tchen, Kuchen, Pl\u00e4tzchen und Teilchen, wird alles gern gesehen und gegessen. Getr\u00e4nke sind in der Kursgeb\u00fchr enthalten und werden von uns gestellt.<\/p>\n<p><strong>Kursgeb\u00fchr:<\/strong><\/p>\n<p>Die Kursgeb\u00fchr betr\u00e4gt \u20ac 155,00 pro Person und muss sp\u00e4testens<br \/>\n2 Wochen vor Kursbeginn auf das unten aufgef\u00fchrte Konto zur Platzsicherung \u00fcberwiesen worden sein.<\/p>\n<p><strong>Anmeldung:<\/strong><\/p>\n<p>Ihre Anmeldung geschieht formlos per Brief, Fax oder E-Mail und ein Platz wird f\u00fcr Sie sofort nach dem Erhalt der Kursgeb\u00fchr reserviert. Sie erhalten eine Best\u00e4tigung. Damit der Rahmen nicht gesprengt wird, ist die Anzahl der Teilnehmer pro Tag beschr\u00e4nkt. Gehen zu viele Anmeldungen ein, so findet ein zweiter Termin nach Absprache statt.<\/p>\n<p><strong>ACHTUNG: Bei einer Abmeldung wird die Seminargeb\u00fchr nicht zur\u00fcckerstattet. <\/strong><\/p>\n<p><strong>Arbeitsmaterial<\/strong>:<\/p>\n<p>Wir stellen das komplette Arbeitsmaterial zur Verf\u00fcgung. Bitte bringen Sie trotzdem Schreibzeug mit.<\/p>\n","protected":false},"excerpt":{"rendered":"<p>Bei diesem Seminar erlernen Sie mit Hilfe der Kinesiologie (Muskelreflextest) die passende Therapie f\u00fcr Ihr Tier selber zu ermitteln. \u201eFragen\u201c Sie Ihr Tier doch einfach, was es braucht und was ihm fehlt. Setzen Sie hom\u00f6opathische Mittel, Bachbl\u00fctenkombinationen, Futter oder auch allopathische Medikamente gezielt und richtig ein. Das Seminar versetzt jeden in die Lage, besser mit &hellip; <\/p>\n<p class=\"link-more\"><a href=\"https:\/\/www.animal-thp.de\/index.php\/sicher-testen-fuer-tiere-3\/\" class=\"more-link\"><span class=\"screen-reader-text\">\u201e&#8222;Sicher Testen&#8220; f\u00fcr Tiere (3)\u201c<\/span> weiterlesen<\/a><\/p>\n","protected":false},"author":1,"featured_media":0,"parent":0,"menu_order":0,"comment_status":"closed","ping_status":"closed","template":"","meta":{"footnotes":""},"class_list":["post-158","page","type-page","status-publish","hentry"],"_links":{"self":[{"href":"https:\/\/www.animal-thp.de\/index.php\/wp-json\/wp\/v2\/pages\/158","targetHints":{"allow":["GET"]}}],"collection":[{"href":"https:\/\/www.animal-thp.de\/index.php\/wp-json\/wp\/v2\/pages"}],"about":[{"href":"https:\/\/www.animal-thp.de\/index.php\/wp-json\/wp\/v2\/types\/page"}],"author":[{"embeddable":true,"href":"https:\/\/www.animal-thp.de\/index.php\/wp-json\/wp\/v2\/users\/1"}],"replies":[{"embeddable":true,"href":"https:\/\/www.animal-thp.de\/index.php\/wp-json\/wp\/v2\/comments?post=158"}],"version-history":[{"count":1,"href":"https:\/\/www.animal-thp.de\/index.php\/wp-json\/wp\/v2\/pages\/158\/revisions"}],"predecessor-version":[{"id":160,"href":"https:\/\/www.animal-thp.de\/index.php\/wp-json\/wp\/v2\/pages\/158\/revisions\/160"}],"wp:attachment":[{"href":"https:\/\/www.animal-thp.de\/index.php\/wp-json\/wp\/v2\/media?parent=158"}],"curies":[{"name":"wp","href":"https:\/\/api.w.org\/{rel}","templated":true}]}}