{"id":163,"date":"2018-03-03T11:50:15","date_gmt":"2018-03-03T10:50:15","guid":{"rendered":"http:\/\/www.animal-thp.de\/?page_id=163"},"modified":"2025-09-04T19:15:17","modified_gmt":"2025-09-04T17:15:17","slug":"notfall","status":"publish","type":"page","link":"https:\/\/www.animal-thp.de\/index.php\/notfall\/","title":{"rendered":"Notfall"},"content":{"rendered":"<p><strong>ACHTUNG:\u00a0<\/strong><strong>Vom 05. bis einschlie\u00dflich 07.09.2025 ist die Praxis kompl. geschlossen und wir k\u00f6nnen auch nicht in Notf\u00e4llen helfen. Ab dem 08.09.25 geht der Betrieb normal weiter.\u00a0<\/strong><\/p>\n<p>Damit wir bei Notf\u00e4llen besser und schneller reagieren k\u00f6nnen, bitten wir Sie uns grunds\u00e4tzlich auf unserer normalen<strong> Praxisnummer 02246\/168102 <\/strong>und <strong>NICHT auf dem Handy<\/strong> anzurufen (solange, bis Sie uns erreicht haben!) und auch <strong>KEINE E-Mail oder SMS<\/strong> zu senden. Wir sitzen nicht 24 Stunden am Rechner.<\/p>\n","protected":false},"excerpt":{"rendered":"<p>ACHTUNG:\u00a0Vom 05. bis einschlie\u00dflich 07.09.2025 ist die Praxis kompl. geschlossen und wir k\u00f6nnen auch nicht in Notf\u00e4llen helfen. Ab dem 08.09.25 geht der Betrieb normal weiter.\u00a0 Damit wir bei Notf\u00e4llen besser und schneller reagieren k\u00f6nnen, bitten wir Sie uns grunds\u00e4tzlich auf unserer normalen Praxisnummer 02246\/168102 und NICHT auf dem Handy anzurufen (solange, bis Sie uns &hellip; <\/p>\n<p class=\"link-more\"><a href=\"https:\/\/www.animal-thp.de\/index.php\/notfall\/\" class=\"more-link\"><span class=\"screen-reader-text\">\u201eNotfall\u201c<\/span> weiterlesen<\/a><\/p>\n","protected":false},"author":1,"featured_media":0,"parent":0,"menu_order":0,"comment_status":"closed","ping_status":"closed","template":"","meta":{"footnotes":""},"class_list":["post-163","page","type-page","status-publish","hentry"],"_links":{"self":[{"href":"https:\/\/www.animal-thp.de\/index.php\/wp-json\/wp\/v2\/pages\/163","targetHints":{"allow":["GET"]}}],"collection":[{"href":"https:\/\/www.animal-thp.de\/index.php\/wp-json\/wp\/v2\/pages"}],"about":[{"href":"https:\/\/www.animal-thp.de\/index.php\/wp-json\/wp\/v2\/types\/page"}],"author":[{"embeddable":true,"href":"https:\/\/www.animal-thp.de\/index.php\/wp-json\/wp\/v2\/users\/1"}],"replies":[{"embeddable":true,"href":"https:\/\/www.animal-thp.de\/index.php\/wp-json\/wp\/v2\/comments?post=163"}],"version-history":[{"count":3,"href":"https:\/\/www.animal-thp.de\/index.php\/wp-json\/wp\/v2\/pages\/163\/revisions"}],"predecessor-version":[{"id":323,"href":"https:\/\/www.animal-thp.de\/index.php\/wp-json\/wp\/v2\/pages\/163\/revisions\/323"}],"wp:attachment":[{"href":"https:\/\/www.animal-thp.de\/index.php\/wp-json\/wp\/v2\/media?parent=163"}],"curies":[{"name":"wp","href":"https:\/\/api.w.org\/{rel}","templated":true}]}}