{"id":23,"date":"2018-03-01T17:51:52","date_gmt":"2018-03-01T16:51:52","guid":{"rendered":"http:\/\/www.animal-thp.de\/?page_id=23"},"modified":"2018-05-24T16:31:25","modified_gmt":"2018-05-24T14:31:25","slug":"antidote","status":"publish","type":"page","link":"https:\/\/www.animal-thp.de\/index.php\/homoeopathie\/antidote\/","title":{"rendered":"Antidote"},"content":{"rendered":"<p><strong>Absolutes Verbot gilt f\u00fcr:<\/strong><\/p>\n<p><strong>\u00c4therische \u00d6le:<\/strong><\/p>\n<ul>\n<li>Pfefferminz, Eukalyptus, Menthol (Zahnpasta, Zigaretten, Duft\u00f6le, Dentabits,<\/li>\n<li>Shampoos etc.), Kampfer (Salben), Kamille, Teebaum\u00f6l, Schwarzk\u00fcmmel\u00f6l, alle<\/li>\n<li>Jodarten (z.B. Jodoform\u00e4ther)<\/li>\n<li>Injeel- und Comp.-Mittel wie z.B. Nux comp.<\/li>\n<li><span style=\"font-size: 1rem;\">Interferon<\/span><\/li>\n<li>MSO<\/li>\n<\/ul>\n<p><strong>Koffein:<\/strong><\/p>\n<ul>\n<li>Kaffee (auch coffeeinfreier !), Cola (dto.), schwarzer Tee etc.<\/li>\n<li>kolloidales Silber (ist Metall und oxydiert mit hom. Mittel)<\/li>\n<li>Komplexmittel wie z.B. Traumeel (s.u.)<\/li>\n<li>Kortison (egal ob in Tabletten, Tropfen, Spritze oder Salben)<\/li>\n<li>Salben und Sprays auf Metallbasis:<\/li>\n<li>Zinksalbe, Alu- oder Silberspray etc.<\/li>\n<li>Zylexis (ist eine Schafpockenvirenimpfung!)<\/li>\n<\/ul>\n<p><strong>Inhaltsstoffe von Traumeel S Tabletten<\/strong><\/p>\n<p>1 Tablette enth\u00e4lt:<br \/>\n14 arzneilich wirksame Bestandteile:<br \/>\nArnica Trit. D2 15 mg, Calendula Trit. D2 15 mg, Hamamelis Trit. D2 15 mg, Echinacea Trit. D2 6 mg, Echinacea purpurea Trit. D26 mg, Chamomilla Trit. D3 24 mg, Symphytum Trit. D8 24 mg, Bellis perennis Trit. D2 6 mg, Hypericum Trit. D2 3 mg, Millefolium Trit. D3 15 mg, Aconitum Trit. D3 30 mg, Belladonna Trit. D4 75 mg, Mercurius solubilis Hahnemanni Trit. D8 30 mg, Hepar sulfuris Trit. D8 30 mg<\/p>\n<p>Einige der o.a. Mittel heben andere auf, man spricht dabei von Antidotieren:<\/p>\n<ul>\n<li>Hom. Mittel: Antidot:<\/li>\n<li>Hepar sulfuris: Belladonna und Chamomilla<\/li>\n<li>Hypericum: Chamomilla<\/li>\n<li>Mercurius sol.: Hepar sulf.<\/li>\n<\/ul>\n<p>In der Flasche und der Tr\u00e4gersubstanz passiert hierbei nichts, erst wenn es in den K\u00f6rper kommt, setzt man damit schlimmstenfalls starke Reizpunkte und verursacht Probleme oder Symptome, welche man vorher nicht hatte!<\/p>\n<p>Dies gilt f\u00fcr die allermeisten Komplexmittel. Einige Komplexmittel enthalten sogar zueinander feindliche hom. Mittel.<\/p>\n","protected":false},"excerpt":{"rendered":"<p>Absolutes Verbot gilt f\u00fcr: \u00c4therische \u00d6le: Pfefferminz, Eukalyptus, Menthol (Zahnpasta, Zigaretten, Duft\u00f6le, Dentabits, Shampoos etc.), Kampfer (Salben), Kamille, Teebaum\u00f6l, Schwarzk\u00fcmmel\u00f6l, alle Jodarten (z.B. Jodoform\u00e4ther) Injeel- und Comp.-Mittel wie z.B. Nux comp. Interferon MSO Koffein: Kaffee (auch coffeeinfreier !), Cola (dto.), schwarzer Tee etc. kolloidales Silber (ist Metall und oxydiert mit hom. Mittel) Komplexmittel wie z.B. &hellip; <\/p>\n<p class=\"link-more\"><a href=\"https:\/\/www.animal-thp.de\/index.php\/homoeopathie\/antidote\/\" class=\"more-link\"><span class=\"screen-reader-text\">\u201eAntidote\u201c<\/span> weiterlesen<\/a><\/p>\n","protected":false},"author":1,"featured_media":0,"parent":10,"menu_order":0,"comment_status":"closed","ping_status":"closed","template":"","meta":{"footnotes":""},"class_list":["post-23","page","type-page","status-publish","hentry"],"_links":{"self":[{"href":"https:\/\/www.animal-thp.de\/index.php\/wp-json\/wp\/v2\/pages\/23","targetHints":{"allow":["GET"]}}],"collection":[{"href":"https:\/\/www.animal-thp.de\/index.php\/wp-json\/wp\/v2\/pages"}],"about":[{"href":"https:\/\/www.animal-thp.de\/index.php\/wp-json\/wp\/v2\/types\/page"}],"author":[{"embeddable":true,"href":"https:\/\/www.animal-thp.de\/index.php\/wp-json\/wp\/v2\/users\/1"}],"replies":[{"embeddable":true,"href":"https:\/\/www.animal-thp.de\/index.php\/wp-json\/wp\/v2\/comments?post=23"}],"version-history":[{"count":4,"href":"https:\/\/www.animal-thp.de\/index.php\/wp-json\/wp\/v2\/pages\/23\/revisions"}],"predecessor-version":[{"id":221,"href":"https:\/\/www.animal-thp.de\/index.php\/wp-json\/wp\/v2\/pages\/23\/revisions\/221"}],"up":[{"embeddable":true,"href":"https:\/\/www.animal-thp.de\/index.php\/wp-json\/wp\/v2\/pages\/10"}],"wp:attachment":[{"href":"https:\/\/www.animal-thp.de\/index.php\/wp-json\/wp\/v2\/media?parent=23"}],"curies":[{"name":"wp","href":"https:\/\/api.w.org\/{rel}","templated":true}]}}