{"id":25,"date":"2018-03-01T17:52:27","date_gmt":"2018-03-01T16:52:27","guid":{"rendered":"http:\/\/www.animal-thp.de\/?page_id=25"},"modified":"2018-03-01T17:52:27","modified_gmt":"2018-03-01T16:52:27","slug":"ernaehrung","status":"publish","type":"page","link":"https:\/\/www.animal-thp.de\/index.php\/homoeopathie\/ernaehrung\/","title":{"rendered":"Ern\u00e4hrung"},"content":{"rendered":"<p>Leider gibt es sehr viele Leute, die sich um die Ern\u00e4hrung ihres Tieres erst dann Gedanken machen, wenn es bereits krank ist. Zu einem ordentlichen Erstgespr\u00e4ch geh\u00f6rt bei uns auch in jedem Fall eine Ern\u00e4hrungsberatung, zumal oft 50 % und mehr der angezeigten Krankheiten f\u00fctterungsbedingt sind. Das gilt nicht nur f\u00fcr Hunde und Katzen, sondern immer mehr auch f\u00fcr Pferde, Nager, Fische usw.<br \/>\nImmer mehr Unvertr\u00e4glichkeiten und \u201eAllergien\u201c vermiesen uns und erst recht Ihrem Tier den Spa\u00df am Leben. Lassen Sie es nicht soweit kommen und fragen Sie schon am besten vor der Anschaffung Ihres Lieblings hierzu bei uns nach. Sie k\u00f6nnen sich und Ihren Tieren viel Kummer, \u00c4rger und auch Kosten ersparen.<br \/>\nJahrelange Erfahrung in fast allen Bereichen, eine von der Industrie unabh\u00e4ngige Beratung und stets die neuesten Erkenntnisse zum Thema, bringen Ihnen und Ihrem Vierbeiner viele Vorteile.<br \/>\nDiesbez\u00fcglich weisen wir auch noch einmal auf unser Seminar \u201eHom\u00f6opathie (1)&#8220; hin. Dort erfahren Sie ebenfalls in allen Einzelheiten mehr zu diesem wichtigen Thema.<\/p>\n","protected":false},"excerpt":{"rendered":"<p>Leider gibt es sehr viele Leute, die sich um die Ern\u00e4hrung ihres Tieres erst dann Gedanken machen, wenn es bereits krank ist. Zu einem ordentlichen Erstgespr\u00e4ch geh\u00f6rt bei uns auch in jedem Fall eine Ern\u00e4hrungsberatung, zumal oft 50 % und mehr der angezeigten Krankheiten f\u00fctterungsbedingt sind. Das gilt nicht nur f\u00fcr Hunde und Katzen, sondern &hellip; <\/p>\n<p class=\"link-more\"><a href=\"https:\/\/www.animal-thp.de\/index.php\/homoeopathie\/ernaehrung\/\" class=\"more-link\"><span class=\"screen-reader-text\">\u201eErn\u00e4hrung\u201c<\/span> weiterlesen<\/a><\/p>\n","protected":false},"author":1,"featured_media":0,"parent":10,"menu_order":0,"comment_status":"closed","ping_status":"closed","template":"","meta":{"footnotes":""},"class_list":["post-25","page","type-page","status-publish","hentry"],"_links":{"self":[{"href":"https:\/\/www.animal-thp.de\/index.php\/wp-json\/wp\/v2\/pages\/25","targetHints":{"allow":["GET"]}}],"collection":[{"href":"https:\/\/www.animal-thp.de\/index.php\/wp-json\/wp\/v2\/pages"}],"about":[{"href":"https:\/\/www.animal-thp.de\/index.php\/wp-json\/wp\/v2\/types\/page"}],"author":[{"embeddable":true,"href":"https:\/\/www.animal-thp.de\/index.php\/wp-json\/wp\/v2\/users\/1"}],"replies":[{"embeddable":true,"href":"https:\/\/www.animal-thp.de\/index.php\/wp-json\/wp\/v2\/comments?post=25"}],"version-history":[{"count":1,"href":"https:\/\/www.animal-thp.de\/index.php\/wp-json\/wp\/v2\/pages\/25\/revisions"}],"predecessor-version":[{"id":26,"href":"https:\/\/www.animal-thp.de\/index.php\/wp-json\/wp\/v2\/pages\/25\/revisions\/26"}],"up":[{"embeddable":true,"href":"https:\/\/www.animal-thp.de\/index.php\/wp-json\/wp\/v2\/pages\/10"}],"wp:attachment":[{"href":"https:\/\/www.animal-thp.de\/index.php\/wp-json\/wp\/v2\/media?parent=25"}],"curies":[{"name":"wp","href":"https:\/\/api.w.org\/{rel}","templated":true}]}}