{"id":27,"date":"2018-03-01T18:00:48","date_gmt":"2018-03-01T17:00:48","guid":{"rendered":"http:\/\/www.animal-thp.de\/?page_id=27"},"modified":"2018-03-03T12:03:32","modified_gmt":"2018-03-03T11:03:32","slug":"geburtsapotheke","status":"publish","type":"page","link":"https:\/\/www.animal-thp.de\/index.php\/homoeopathie\/geburtsapotheke\/","title":{"rendered":"Geburtsapotheke"},"content":{"rendered":"<p>Vor der erfolgreichen Geburt steht immer eine Vorbereitung<br \/>\ndes zuk\u00fcnftigen Muttertieres mit der Eugenischen Kur, dem Konstitutions- oder M\u00e4dchenmittel.<br \/>\nBei Problemen w\u00e4hrend der Geburt:<\/p>\n\n<table id=\"tablepress-8\" class=\"tablepress tablepress-id-8\">\n<thead>\n<tr class=\"row-1\">\n\t<th class=\"column-1\">Anwendung:<\/th><th class=\"column-2\">Mittel:<\/th>\n<\/tr>\n<\/thead>\n<tbody class=\"row-striping row-hover\">\n<tr class=\"row-2\">\n\t<td class=\"column-1\">Geburt dauert zu lange und wird mit vielen Pausen gef\u00fcllt<\/td><td class=\"column-2\">Pulsatilla D 30<\/td>\n<\/tr>\n<tr class=\"row-3\">\n\t<td class=\"column-1\">Wehenschw\u00e4chen<\/td><td class=\"column-2\">Caulophyllum D 30<\/td>\n<\/tr>\n<tr class=\"row-4\">\n\t<td class=\"column-1\">Kreislauf schw\u00e4chelt (Druckprobe !!!)<\/td><td class=\"column-2\">Calcium-Trinkampulle<br\/><br \/>\nEin kleiner Tropfen pur zwischen die Schulterbl\u00e4tter (beim abgetrockneten Welpen) nach der Geburt, verhindert bei einem eventuell aufgetretenen Geburtstrauma (Fruchtwasser br\u00e4unlich oder gr\u00fcnlich), sp\u00e4tere Verhaltensauff\u00e4lligkeiten<br\/><br \/>\nRescue-Tropfen<br\/><br \/>\n(Stockbottle !!)<\/td>\n<\/tr>\n<tr class=\"row-5\">\n\t<td class=\"column-1\">Milch schie\u00dft nach der Geburt zwar ein, Menge reicht aber nicht<\/td><td class=\"column-2\">Phytolacca D 12<br\/><br \/>\nUrtica urens D 30<\/td>\n<\/tr>\n<tr class=\"row-6\">\n\t<td class=\"column-1\">Welpen haben bei der Geburt Fruchtwasser geschluckt und r\u00f6cheln oder knacken (zus\u00e4tzlich zum erforderlichen Ausschlagen)<\/td><td class=\"column-2\">Apis D 12<\/td>\n<\/tr>\n<tr class=\"row-7\">\n\t<td class=\"column-1\">Ges\u00e4uge bildet eine Milchplatte, ist hei\u00df und rot<\/td><td class=\"column-2\">Belladonna D 30<\/td>\n<\/tr>\n<tr class=\"row-8\">\n\t<td class=\"column-1\">dto. wenn D 30 angeschlagen hat, ist aber zu schwach ist<\/td><td class=\"column-2\">Belladonna C 30<\/td>\n<\/tr>\n<tr class=\"row-9\">\n\t<td class=\"column-1\">Nachblutungen dauern sehr lange an und es flie\u00dft reichlich Blut<\/td><td class=\"column-2\">Secale corn. D 30<\/td>\n<\/tr>\n<tr class=\"row-10\">\n\t<td class=\"column-1\">dto. wenn D 30 angeschlagen hat, aber zu schwach ist<\/td><td class=\"column-2\">Secale corn. C 30<\/td>\n<\/tr>\n<tr class=\"row-11\">\n\t<td class=\"column-1\">dto. wenn Secale nicht ausreicht<\/td><td class=\"column-2\">Sabina D 30<\/td>\n<\/tr>\n<tr class=\"row-12\">\n\t<td class=\"column-1\">Tier baut sehr stark ab\/Welpen wollen nicht trinken<\/td><td class=\"column-2\">Sch\u00fc\u00dfler-Nr: 2<br\/><br \/>\nCalcium phos. D 6<\/td>\n<\/tr>\n<\/tbody>\n<\/table>\n<!-- #tablepress-8 from cache -->\n<p>&nbsp;<\/p>\n<p><span style=\"font-size: 1rem;\">Vor Anwendung der Mittel grunds\u00e4tzlich telefonisch den Einsatz mit uns absprechen!!!!!<\/span>Bitte setzen Sie bei Tieren am besten immer Globulis ein, da diese zum einen besser dosiert werden k\u00f6nnen und zum anderen alkoholische L\u00f6sungen nur zu heftigen Abwehrreaktionen bei der Eingabe f\u00fchren (vom Schaden bei l\u00e4ngeren Eingabezeiten f\u00fcr die Leber ganz zu schweigen!).<\/p>\n<p>Wir beantworten gerne Fragen zur Zusammenstellung Ihrer pers\u00f6nlichen Geburtsapotheke<\/p>\n<p>Ein passendes Kunstlederetui f\u00fcr 60 St\u00fcck<br \/>\n1,5-g Zylinder bekommen Sie bei uns f\u00fcr nur<br \/>\nEuro 25,65<\/p>\n<p>Alle o.a. Preise verstehen sich incl. 19 % MWSt.<\/p>\n","protected":false},"excerpt":{"rendered":"<p>Vor der erfolgreichen Geburt steht immer eine Vorbereitung des zuk\u00fcnftigen Muttertieres mit der Eugenischen Kur, dem Konstitutions- oder M\u00e4dchenmittel. Bei Problemen w\u00e4hrend der Geburt: &nbsp; Vor Anwendung der Mittel grunds\u00e4tzlich telefonisch den Einsatz mit uns absprechen!!!!!Bitte setzen Sie bei Tieren am besten immer Globulis ein, da diese zum einen besser dosiert werden k\u00f6nnen und zum &hellip; <\/p>\n<p class=\"link-more\"><a href=\"https:\/\/www.animal-thp.de\/index.php\/homoeopathie\/geburtsapotheke\/\" class=\"more-link\"><span class=\"screen-reader-text\">\u201eGeburtsapotheke\u201c<\/span> weiterlesen<\/a><\/p>\n","protected":false},"author":1,"featured_media":0,"parent":10,"menu_order":0,"comment_status":"closed","ping_status":"closed","template":"","meta":{"footnotes":""},"class_list":["post-27","page","type-page","status-publish","hentry"],"_links":{"self":[{"href":"https:\/\/www.animal-thp.de\/index.php\/wp-json\/wp\/v2\/pages\/27","targetHints":{"allow":["GET"]}}],"collection":[{"href":"https:\/\/www.animal-thp.de\/index.php\/wp-json\/wp\/v2\/pages"}],"about":[{"href":"https:\/\/www.animal-thp.de\/index.php\/wp-json\/wp\/v2\/types\/page"}],"author":[{"embeddable":true,"href":"https:\/\/www.animal-thp.de\/index.php\/wp-json\/wp\/v2\/users\/1"}],"replies":[{"embeddable":true,"href":"https:\/\/www.animal-thp.de\/index.php\/wp-json\/wp\/v2\/comments?post=27"}],"version-history":[{"count":6,"href":"https:\/\/www.animal-thp.de\/index.php\/wp-json\/wp\/v2\/pages\/27\/revisions"}],"predecessor-version":[{"id":172,"href":"https:\/\/www.animal-thp.de\/index.php\/wp-json\/wp\/v2\/pages\/27\/revisions\/172"}],"up":[{"embeddable":true,"href":"https:\/\/www.animal-thp.de\/index.php\/wp-json\/wp\/v2\/pages\/10"}],"wp:attachment":[{"href":"https:\/\/www.animal-thp.de\/index.php\/wp-json\/wp\/v2\/media?parent=27"}],"curies":[{"name":"wp","href":"https:\/\/api.w.org\/{rel}","templated":true}]}}