{"id":32,"date":"2018-03-01T20:35:27","date_gmt":"2018-03-01T19:35:27","guid":{"rendered":"http:\/\/www.animal-thp.de\/?page_id=32"},"modified":"2018-03-03T12:06:10","modified_gmt":"2018-03-03T11:06:10","slug":"reiseapotheke","status":"publish","type":"page","link":"https:\/\/www.animal-thp.de\/index.php\/homoeopathie\/reiseapotheke\/","title":{"rendered":"Reiseapotheke"},"content":{"rendered":"\n<table id=\"tablepress-9\" class=\"tablepress tablepress-id-9\">\n<thead>\n<tr class=\"row-1\">\n\t<th class=\"column-1\"> Anwendung:<\/th><th class=\"column-2\">Mittel:<\/th>\n<\/tr>\n<\/thead>\n<tbody class=\"row-striping row-hover\">\n<tr class=\"row-2\">\n\t<td class=\"column-1\">Antibiotika (3-4 Tage nach den Gaben zur Regeneration des Magen-Darmbereiches, zur Entgiftung und bei zu langsamer Abhaarung)<\/td><td class=\"column-2\"> Sulfur C 30<\/td>\n<\/tr>\n<tr class=\"row-3\">\n\t<td class=\"column-1\">Bienenstich<\/td><td class=\"column-2\"> Apis D 30<\/td>\n<\/tr>\n<tr class=\"row-4\">\n\t<td class=\"column-1\"> Blutungen stoppen\/Wundheilung beschleunigen<\/td><td class=\"column-2\"> Arnica D 30<\/td>\n<\/tr>\n<tr class=\"row-5\">\n\t<td class=\"column-1\"> Entz\u00fcndungen aller Art (auch Erk\u00e4ltungen)<\/td><td class=\"column-2\">Belladonna D 30<\/td>\n<\/tr>\n<tr class=\"row-6\">\n\t<td class=\"column-1\"> Entz\u00fcndungen aller Art (Blutvergiftung), aber auf jeden Fall vorher anrufen<\/td><td class=\"column-2\">Belladonna C 200<\/td>\n<\/tr>\n<tr class=\"row-7\">\n\t<td class=\"column-1\"> Erk\u00e4ltungen\/Entz\u00fcndungen mit gelbem bzw. gr\u00fcnlichem Sekret<\/td><td class=\"column-2\"> Hepar sulfuris D 30<\/td>\n<\/tr>\n<tr class=\"row-8\">\n\t<td class=\"column-1\"> Erk\u00e4ltung\/Fieber (beginnend), Indiz klares Nasensekret\/tr\u00e4nende Augen<\/td><td class=\"column-2\"> Allium cepa D 30<\/td>\n<\/tr>\n<tr class=\"row-9\">\n\t<td class=\"column-1\"> Erk\u00e4ltungen\/Fieber, als Steigerung zu Allium<\/td><td class=\"column-2\"> Aconitum D 30<\/td>\n<\/tr>\n<tr class=\"row-10\">\n\t<td class=\"column-1\"> Erk\u00e4ltungen\/Entz\u00fcndungen im HNO-Bereich<\/td><td class=\"column-2\"> Lachesis D 30<\/td>\n<\/tr>\n<tr class=\"row-11\">\n\t<td class=\"column-1\"> Erk\u00e4ltungen aller Art, als Unterst\u00fctzung f\u00fcr andere Mittel<\/td><td class=\"column-2\">Echinacea D 1<\/td>\n<\/tr>\n<tr class=\"row-12\">\n\t<td class=\"column-1\"> Impfungen (1 Woche vor dem Impftermin zur Vermeidung von Impfsch\u00e4den)<\/td><td class=\"column-2\">Thuja C 30<\/td>\n<\/tr>\n<tr class=\"row-13\">\n\t<td class=\"column-1\"> Treten nach 2-3 Wochen erk\u00e4ltungs\u00e4hnliche Zust\u00e4nde auf<\/td><td class=\"column-2\"> Thuja C 200, Silicea oder Vaccininum<\/td>\n<\/tr>\n<tr class=\"row-14\">\n\t<td class=\"column-1\">Kreislaufprobleme, zu niedrig (1-max. 2 x 5 Globuli t\u00e4glich)<\/td><td class=\"column-2\"> Carbo veg. D 30<\/td>\n<\/tr>\n<tr class=\"row-15\">\n\t<td class=\"column-1\"> Magenprobleme aller Art wie Durchfall, Verstopfung, V\u00f6llegef\u00fchl etc.<\/td><td class=\"column-2\"> Nux vomica D 30<\/td>\n<\/tr>\n<tr class=\"row-16\">\n\t<td class=\"column-1\"> Magenprobleme wie Durchfall, wenn Nux vomica nicht wirkt<\/td><td class=\"column-2\"> Okoubaka D 2<\/td>\n<\/tr>\n<tr class=\"row-17\">\n\t<td class=\"column-1\"> Magenprobleme wie Reisekrankheit, etwas falsches\/schlechtes gegessen, Durchfall,<\/td><td class=\"column-2\"> Ipecacuanha D 30<\/td>\n<\/tr>\n<tr class=\"row-18\">\n\t<td class=\"column-1\"> Magenprobleme\/Durchfall, nach Absprache<\/td><td class=\"column-2\"> Arsenicum alb. D 30<\/td>\n<\/tr>\n<tr class=\"row-19\">\n\t<td class=\"column-1\"> Magenprobleme\/Durchfall, nach Absprache<\/td><td class=\"column-2\"> Podophyllum D 30<\/td>\n<\/tr>\n<tr class=\"row-20\">\n\t<td class=\"column-1\"> Magenprobleme\/Durchfall, nach Absprache<\/td><td class=\"column-2\"> Veratrum alb. D 30<\/td>\n<\/tr>\n<tr class=\"row-21\">\n\t<td class=\"column-1\"> Muskelkater\/\u00dcberanstrengung<\/td><td class=\"column-2\"> Bellis per. D 30<\/td>\n<\/tr>\n<tr class=\"row-22\">\n\t<td class=\"column-1\"> Muskelkater\/Sehnenprobleme\/\u00dcberanstrengungen<\/td><td class=\"column-2\"> Rhus tox. D 30<\/td>\n<\/tr>\n<tr class=\"row-23\">\n\t<td class=\"column-1\"> Nervenverletzungen<\/td><td class=\"column-2\"> Hypericum D 30<\/td>\n<\/tr>\n<tr class=\"row-24\">\n\t<td class=\"column-1\"> Stichverletzungen aller Art (Messer, Nadel, Dornen, Stacheldraht, ev. auch Insekten<\/td><td class=\"column-2\"> Ledum D 30<\/td>\n<\/tr>\n<tr class=\"row-25\">\n\t<td class=\"column-1\"> Wespenstich (nach), nach Bedarf bis Besserung<\/td><td class=\"column-2\"> Vespa crab. D 4<\/td>\n<\/tr>\n<tr class=\"row-26\">\n\t<td class=\"column-1\"> Zeckenbi\u00df (nach) wenn kreisrunde, rote Entz\u00fcndung um die Bi\u00dfstelle (einmalig je 3 Globuli 3 mal innerhalb 30 Minuten)<\/td><td class=\"column-2\"> Zeckenbi\u00dfnos. D 200<\/td>\n<\/tr>\n<\/tbody>\n<\/table>\n<!-- #tablepress-9 from cache -->\n<p>&nbsp;<\/p>\n<p>Bitte setzen Sie bei Tieren am besten immer Globulis ein, da diese zum einen besser dosiert werden k\u00f6nnen und zum anderen alkoholische L\u00f6sungen nur zu heftigen Abwehrreaktionen bei der Eingabe f\u00fchren (vom Schaden bei l\u00e4ngeren Eingabezeiten f\u00fcr die Leber ganz zu schweigen!).<\/p>\n<p>Das passende und praktische Kunstlederetui (nie wieder Mittelsuche!) in schwarz f\u00fcr 60 St\u00fcck 1,5-g Zylinder bekommen Sie bei uns f\u00fcr nur Euro 25,65.<\/p>\n<p>Den besten Schutz f\u00fcr Ihre Mittel beim Transport (Auto\/Flugzeug\/Zoll\/Urlaub) erhalten Sie z.B. durch den Film-Safe-Super Filmschutzbeutel von Hama (gibt es im guten Fotofachhandel oder bei Amazon.de)!<\/p>\n<p>Tipp:<br \/>\nUnser und auch gr\u00f6\u00dfere Etuis passen dort bestens rein.<\/p>\n<p>Wir beantworten gerne Fragen zur Zusammenstellung Ihrer pers\u00f6nlichen Reiseapotheke!<\/p>\n<p>Alle o.a. Preise verstehen sich incl. 19 % MWSt.<\/p>\n","protected":false},"excerpt":{"rendered":"<p>&nbsp; Bitte setzen Sie bei Tieren am besten immer Globulis ein, da diese zum einen besser dosiert werden k\u00f6nnen und zum anderen alkoholische L\u00f6sungen nur zu heftigen Abwehrreaktionen bei der Eingabe f\u00fchren (vom Schaden bei l\u00e4ngeren Eingabezeiten f\u00fcr die Leber ganz zu schweigen!). Das passende und praktische Kunstlederetui (nie wieder Mittelsuche!) in schwarz f\u00fcr 60 &hellip; <\/p>\n<p class=\"link-more\"><a href=\"https:\/\/www.animal-thp.de\/index.php\/homoeopathie\/reiseapotheke\/\" class=\"more-link\"><span class=\"screen-reader-text\">\u201eReiseapotheke\u201c<\/span> weiterlesen<\/a><\/p>\n","protected":false},"author":1,"featured_media":0,"parent":10,"menu_order":0,"comment_status":"closed","ping_status":"closed","template":"","meta":{"footnotes":""},"class_list":["post-32","page","type-page","status-publish","hentry"],"_links":{"self":[{"href":"https:\/\/www.animal-thp.de\/index.php\/wp-json\/wp\/v2\/pages\/32","targetHints":{"allow":["GET"]}}],"collection":[{"href":"https:\/\/www.animal-thp.de\/index.php\/wp-json\/wp\/v2\/pages"}],"about":[{"href":"https:\/\/www.animal-thp.de\/index.php\/wp-json\/wp\/v2\/types\/page"}],"author":[{"embeddable":true,"href":"https:\/\/www.animal-thp.de\/index.php\/wp-json\/wp\/v2\/users\/1"}],"replies":[{"embeddable":true,"href":"https:\/\/www.animal-thp.de\/index.php\/wp-json\/wp\/v2\/comments?post=32"}],"version-history":[{"count":4,"href":"https:\/\/www.animal-thp.de\/index.php\/wp-json\/wp\/v2\/pages\/32\/revisions"}],"predecessor-version":[{"id":175,"href":"https:\/\/www.animal-thp.de\/index.php\/wp-json\/wp\/v2\/pages\/32\/revisions\/175"}],"up":[{"embeddable":true,"href":"https:\/\/www.animal-thp.de\/index.php\/wp-json\/wp\/v2\/pages\/10"}],"wp:attachment":[{"href":"https:\/\/www.animal-thp.de\/index.php\/wp-json\/wp\/v2\/media?parent=32"}],"curies":[{"name":"wp","href":"https:\/\/api.w.org\/{rel}","templated":true}]}}