{"id":43,"date":"2018-03-01T22:03:21","date_gmt":"2018-03-01T21:03:21","guid":{"rendered":"http:\/\/www.animal-thp.de\/?page_id=43"},"modified":"2018-03-01T22:03:21","modified_gmt":"2018-03-01T21:03:21","slug":"doping","status":"publish","type":"page","link":"https:\/\/www.animal-thp.de\/index.php\/homoeopathie\/doping\/","title":{"rendered":"Doping"},"content":{"rendered":"<p>Ein Jahr nach der Einf\u00fchrung der Anti-Doping- und Medikamentenkontrollregeln (ADMR), wurde nun vom Beirat Sport der FN das neu \u00fcberarbeitete Regelwerk verabschiedet (siehe Heft PMForum 2\/2011). Ab dem 28.04.2011 treten die \u00c4nderungen (Anpassung an die FEI) in Kraft, welche nun auch bei Turnier- und Sportpferden hom\u00f6opathische Behandlungen mit Mitteln deren Konzentration die D7 \u00fcbersteigen zulassen.<\/p>\n","protected":false},"excerpt":{"rendered":"<p>Ein Jahr nach der Einf\u00fchrung der Anti-Doping- und Medikamentenkontrollregeln (ADMR), wurde nun vom Beirat Sport der FN das neu \u00fcberarbeitete Regelwerk verabschiedet (siehe Heft PMForum 2\/2011). Ab dem 28.04.2011 treten die \u00c4nderungen (Anpassung an die FEI) in Kraft, welche nun auch bei Turnier- und Sportpferden hom\u00f6opathische Behandlungen mit Mitteln deren Konzentration die D7 \u00fcbersteigen zulassen.<\/p>\n","protected":false},"author":1,"featured_media":0,"parent":10,"menu_order":0,"comment_status":"closed","ping_status":"closed","template":"","meta":{"footnotes":""},"class_list":["post-43","page","type-page","status-publish","hentry"],"_links":{"self":[{"href":"https:\/\/www.animal-thp.de\/index.php\/wp-json\/wp\/v2\/pages\/43","targetHints":{"allow":["GET"]}}],"collection":[{"href":"https:\/\/www.animal-thp.de\/index.php\/wp-json\/wp\/v2\/pages"}],"about":[{"href":"https:\/\/www.animal-thp.de\/index.php\/wp-json\/wp\/v2\/types\/page"}],"author":[{"embeddable":true,"href":"https:\/\/www.animal-thp.de\/index.php\/wp-json\/wp\/v2\/users\/1"}],"replies":[{"embeddable":true,"href":"https:\/\/www.animal-thp.de\/index.php\/wp-json\/wp\/v2\/comments?post=43"}],"version-history":[{"count":1,"href":"https:\/\/www.animal-thp.de\/index.php\/wp-json\/wp\/v2\/pages\/43\/revisions"}],"predecessor-version":[{"id":44,"href":"https:\/\/www.animal-thp.de\/index.php\/wp-json\/wp\/v2\/pages\/43\/revisions\/44"}],"up":[{"embeddable":true,"href":"https:\/\/www.animal-thp.de\/index.php\/wp-json\/wp\/v2\/pages\/10"}],"wp:attachment":[{"href":"https:\/\/www.animal-thp.de\/index.php\/wp-json\/wp\/v2\/media?parent=43"}],"curies":[{"name":"wp","href":"https:\/\/api.w.org\/{rel}","templated":true}]}}