{"id":66,"date":"2018-03-01T22:19:41","date_gmt":"2018-03-01T21:19:41","guid":{"rendered":"http:\/\/www.animal-thp.de\/?page_id=66"},"modified":"2024-05-26T10:04:41","modified_gmt":"2024-05-26T08:04:41","slug":"bachbluetentherapie","status":"publish","type":"page","link":"https:\/\/www.animal-thp.de\/index.php\/bachbluetentherapie\/","title":{"rendered":"Bachbl\u00fctentherapie"},"content":{"rendered":"<p><strong>Seelische und k\u00f6rperliche Harmonie dank Dr. Edward Bach<\/strong><\/p>\n<p><strong>Seelische Disharmonien als Krankheitsursache<\/strong><br \/>\nDisharmonische Zust\u00e4nde \u00e4u\u00dfern sich anfangs als negative Gef\u00fchlsmuster \u2013 Dr. Edward Bach nannte sie \u201enegative Seelenzust\u00e4nde&#8220; \u2013 wie beispielsweise Eifersucht, \u00dcberheblichkeit, Unbeherrschtheit, Misstrauen, Niedergeschlagenheit, diffuse \u00c4ngste etc. Nachfolgend k\u00f6nnen sich daraus k\u00f6rperliche Anf\u00e4lligkeiten und schlie\u00dflich manifeste Krankheiten entwickeln. Hier k\u00f6nnen als Heilmittel die w\u00e4ssrigen L\u00f6sungen von bestimmten Bl\u00fctenessenzen eingesetzt werden, die nach dem Begr\u00fcnder der Therapie, Dr. Edward Bach, benannten Bachbl\u00fcten. Mit Hilfe der Bachbl\u00fctentherapie kann das seelische Gleichgewicht wieder hergestellt, energetische Blockaden gel\u00f6st und dadurch Krankheiten vorgebeugt werden. Sicher fragen Sie sich jetzt, ob Ihnen die Bachbl\u00fcten bei einer bereits bestehenden Krankheit helfen k\u00f6nnen. Auch das ist mit einem eindeutigen Ja zu beantworten: der Heilungsverlauf wird gef\u00f6rdert, die Krankheit kann besser vom K\u00f6rper bek\u00e4mpft werden. Oft ist auch eine schnellere Heilung dank der Bachbl\u00fcten zu erzielen.<\/p>\n<p>Dr. Edward Bach hat 38 wildwachsende Pflanzen erforscht. Die Lebenskraft dieser Pflanzen haben einen harmonisierenden und damit heilsamen Einfluss auf die Psyche und Pers\u00f6nlichkeit des Menschen.<br \/>\nJeder dieser Bl\u00fcten ordnete er bestimmte Gem\u00fctsmerkmale zu. Sie sind der Leitfaden zur Wahl der f\u00fcr die Behandlung richtigen Bl\u00fcten. Die Bachbl\u00fcten-therapie ist eine Heilmethode, die auf der Vorstellung von der Ganzheit des Lebewesens beruht, weshalb K\u00f6rper, Seele und Geist in eine Behandlung mit einbezogen werden.<br \/>\nBachbl\u00fcten sind keine Heilkr\u00e4uter im eigentlichen Sinn, das hei\u00dft, die f\u00fcr die Seele des Menschen heilsame Wirkung sind nicht die Inhaltsstoffe der Bl\u00fcten sondern laut Bach ihre \u201eWesensenergie&#8220;. Um diese Wesensenergie in eine f\u00fcr den Menschen nutzbare Form zu bringen, ohne sie jedoch tiefgreifend zu ver\u00e4ndern, entwickelte er ein Verfahren. Er kam auf die gleiche Methode, die seit Urzeiten auch in der traditionellen Heilkunst der nordamerikanischen Indianer angewendet wird. Die Seeleninformation der Pflanze l\u00e4sst sich durch zwei verschiedene Methoden auf Wasser \u00fcbertragen: die Sonnenmethode und die Kochmethode. Die Herstellung der Bachbl\u00fcten-Essenzen erfolgt auch heute noch nach diesen beiden Arbeitsweisen.<\/p>\n<p>Sonnenmethode: Die Bl\u00fcten, die im Sommer bl\u00fchen, werden an einem sch\u00f6nen, sonnenreichen Tag gepfl\u00fcckt, in eine Glasschale mit frischem Quellwasser gelegt und drei bis vier Stunden in die Sonne gestellt.<br \/>\nKochmethode: Von den Pflanzen, die fr\u00fch im Jahr bl\u00fchen, also bevor die Sonne ihre Kraft voll entfalten kann, wird die Urtinktur mit der Kochmethode gewonnen: Die geernteten Bl\u00fcten werden 30 Minuten gekocht und mehrfach gefiltert.<br \/>\nDie Schwingungen der Bl\u00fcten \u00fcbertragen sich auf das Wasser. Dem so \u201eneu programmierten&#8220; Wasser wird die gleiche Menge Alkohol zugesetzt. Diese Urtinktur ist unbegrenzt haltbar. In einem weiteren Schritt wird sie mit Weinbrand verd\u00fcnnt (1 Tropfen Urtinktur mit 240 Tropfen Brandy) und abgef\u00fcllt. Das sind die so genannten Vorratsflaschen (engl.: stock bottles). Zum Einnehmen werden wenige Tropfen davon nochmals mit Wasser verd\u00fcnnt. Sie m\u00fcssen dann aber k\u00fchl gelagert werden, z.B. K\u00fchlschrank. Oder auch nochmals leicht mit Alkohol konserviert werden. Wir bevorzugen hier eine Bodendeckung des Fl\u00e4schchens mit leckerem Whisky (das ist aber Ihrem Geschmack selbst \u00fcberlassen). Das Wasser, das sie zuf\u00fcgen, sollte auf keinen Fall totes (destilliertes) Wasser sein.<\/p>\n<p>Alle 38 Bl\u00fctenarten sind ungiftig. Die Bl\u00fcten werden an von Bach vorwiegend in Mittelengland gefundenen besonders energiereichen Orten gesammelt.<\/p>\n<p><strong>Erfolgversprechende Einsatzm\u00f6glichkeiten<\/strong><\/p>\n<p>\u2013 seelische Konflikte (z.B.: Unsauberkeiten, Aggressionen, Zerst\u00f6rungswut etc.)<\/p>\n<p>\u2013 unterst\u00fctzend bei der Behandlung von akuten und chronischen Erkrankungen<\/p>\n<p>\u2013 psychisch labile Zust\u00e4nde (z.B. m\u00fcrrische, launische Tiere)<\/p>\n<p>\u2013 psychosomatische Beschwerden (z.B. Erbrechen vor Aufregung und<br \/>\nNervosit\u00e4t)<\/p>\n<p>\u2013 Verhaltensst\u00f6rungen (z.B. \u201epinkelnde Proteste\u201c)<\/p>\n<p>\u2013 zur Unterst\u00fctzung einer Physiotherapie<\/p>\n<p><strong>Selbsthilfe, Wirkungen und Nebenwirkungen<\/strong><br \/>\nWenn man sich eingehend \u00fcber die 38 Bachbl\u00fcten informiert, kann man auch mit einer Eigentherapie gute Erfolge erzielen, wenn es um die Harmonisierung von seelischen Befindlichkeitsst\u00f6rungen geht. Nebenwirkungen oder Unvertr\u00e4glichkeiten sind bis jetzt keine bekannt jedoch wird vielfach die falsche Bl\u00fcte oder Bl\u00fctenkombination angewandt, was dann nicht zum gew\u00fcnschten Ergebnis f\u00fchrt. Trotzdem k\u00f6nnen sich z.B. bei der falschen Anwendung von Rescue-Tropfen\u00a0Probleme ergeben:<br \/>\nEiner sehr \u00e4ngstlichen Katze z,B. auf einer Katzenausstellung Rescues zu geben, kann ein fataler Fehler sein- die Tropfen k\u00f6nnen das Tier an der falschen Stelle st\u00e4rken. D.h. die Angst ist nicht weg, sondern die Bl\u00fcten beiinflussen diese nur und die nicht gezeigte Angst mit der gepaarten St\u00e4rkung durch die Tropfen kann zu einem Angriff auf den Richter f\u00fchren. Bei geschw\u00e4chten Tieren k\u00f6nnen die Rescues \u00fcber das Tief helfen, sollten danach aber sofort wieder abgesetzt werden.<\/p>\n<p><strong>Anwendung und Verabreichungsformen<\/strong><br \/>\nWir verwenden ausschlie\u00dflich die Original Bachbl\u00fcten von Nelsons, da die mittlerweile in Mode gekommenen &#8222;alkoholfreien&#8220; nicht funktionieren. Das h\u00e4ngt zum einen damit zusammen, dass diese gar nicht alkoholfrei sind, sondern Gykol enthalten und noch viel schlimmer ist, dass der urspr\u00fcngliche Gehalt an Essenz von 6-7 % nun bei 0,24 bis 0,27 % liegt- jeder kann sich damit ausmalen, dass die Verd\u00fcnnung einer Verd\u00fcnnung nicht mehr funktioniert, wie sie soll! Das richtige Mischungsverh\u00e4ltnis wird mit je 5 Tropfen einer Bl\u00fcte auf 10 ml. lebendes Wasser in einem leeren 10 ml. Fl\u00e4schchen mit Pipette, d.h. Leitungswasser, Mineralwasser etc. und nicht abgekocht, mit Kohlens\u00e4ure versetzt oder destilliert erreicht. Diese Verd\u00fcnnung wird mit 1-2 Tropfen 3-5x t\u00e4glich auf die Haut zwischen den Schulterbl\u00e4ttern gegeben. Die maximale Anzahl der verwendeten Bl\u00fcten wird bei uns und auch sonst meist auf f\u00fcnf beschr\u00e4nkt. Zur Anhebung des Energiepotentials ist jedes Fl\u00e4schchen grunds\u00e4tzlich vor jeder Anwendung kr\u00e4ftig aufzusch\u00fctteln.<br \/>\nBitte achten Sie bei dem Erwerb der Bl\u00fcten in Apotheken, dass die o.a. Regeln eingehalten werden, damit Ihre Bl\u00fctenkombination auch funktioniert. Wir sehen es als nicht erforderlich an, die Essenzen bei Tieren unbedingt in den Mund zu geben, da viele Alkohol verabscheuen (abgesehen von dessen Sch\u00e4dlichkeit) und oft eine starke Abwehrreaktion zeigen. Alternativ k\u00f6nnen Sie stets auch die Haut zwischen den Schulterbl\u00e4ttern mit den Tropfen benetzen (danach H\u00e4nde waschen nicht vergessen!).<br \/>\nIn der Regel werden die Kombinationen 3 bis 5 mal t\u00e4glich \u00fcber einen Zeitraum von 3 bis 4 Wochen verabreicht\u00a0(jeweils 2-5 Tropfen pro Gabe, je nach Gr\u00f6\u00dfe des Tieres).<\/p>\n","protected":false},"excerpt":{"rendered":"<p>Seelische und k\u00f6rperliche Harmonie dank Dr. Edward Bach Seelische Disharmonien als Krankheitsursache Disharmonische Zust\u00e4nde \u00e4u\u00dfern sich anfangs als negative Gef\u00fchlsmuster \u2013 Dr. Edward Bach nannte sie \u201enegative Seelenzust\u00e4nde&#8220; \u2013 wie beispielsweise Eifersucht, \u00dcberheblichkeit, Unbeherrschtheit, Misstrauen, Niedergeschlagenheit, diffuse \u00c4ngste etc. Nachfolgend k\u00f6nnen sich daraus k\u00f6rperliche Anf\u00e4lligkeiten und schlie\u00dflich manifeste Krankheiten entwickeln. Hier k\u00f6nnen als Heilmittel die &hellip; <\/p>\n<p class=\"link-more\"><a href=\"https:\/\/www.animal-thp.de\/index.php\/bachbluetentherapie\/\" class=\"more-link\"><span class=\"screen-reader-text\">\u201eBachbl\u00fctentherapie\u201c<\/span> weiterlesen<\/a><\/p>\n","protected":false},"author":1,"featured_media":0,"parent":0,"menu_order":0,"comment_status":"closed","ping_status":"closed","template":"","meta":{"footnotes":""},"class_list":["post-66","page","type-page","status-publish","hentry"],"_links":{"self":[{"href":"https:\/\/www.animal-thp.de\/index.php\/wp-json\/wp\/v2\/pages\/66","targetHints":{"allow":["GET"]}}],"collection":[{"href":"https:\/\/www.animal-thp.de\/index.php\/wp-json\/wp\/v2\/pages"}],"about":[{"href":"https:\/\/www.animal-thp.de\/index.php\/wp-json\/wp\/v2\/types\/page"}],"author":[{"embeddable":true,"href":"https:\/\/www.animal-thp.de\/index.php\/wp-json\/wp\/v2\/users\/1"}],"replies":[{"embeddable":true,"href":"https:\/\/www.animal-thp.de\/index.php\/wp-json\/wp\/v2\/comments?post=66"}],"version-history":[{"count":7,"href":"https:\/\/www.animal-thp.de\/index.php\/wp-json\/wp\/v2\/pages\/66\/revisions"}],"predecessor-version":[{"id":308,"href":"https:\/\/www.animal-thp.de\/index.php\/wp-json\/wp\/v2\/pages\/66\/revisions\/308"}],"wp:attachment":[{"href":"https:\/\/www.animal-thp.de\/index.php\/wp-json\/wp\/v2\/media?parent=66"}],"curies":[{"name":"wp","href":"https:\/\/api.w.org\/{rel}","templated":true}]}}